{"id":40,"date":"2025-06-18T09:30:56","date_gmt":"2025-06-18T14:30:56","guid":{"rendered":"https:\/\/dariojuris.com\/2025\/?page_id=40"},"modified":"2026-04-10T09:55:40","modified_gmt":"2026-04-10T14:55:40","slug":"blog","status":"publish","type":"page","link":"https:\/\/dariojuris.com\/en\/blog\/","title":{"rendered":"Blog"},"content":{"rendered":"<div class=\"wp-block-columns is-layout-flex wp-container-core-columns-is-layout-9d6595d7 wp-block-columns-is-layout-flex\">\n<div class=\"wp-block-column is-layout-flow wp-block-column-is-layout-flow\" style=\"flex-basis:100%\"><style>.kt-post-loop40_a17bcc-44 .kadence-post-image{padding-top:0px;padding-right:0px;padding-bottom:0px;padding-left:0px;}.kt-post-loop40_a17bcc-44 .kt-post-grid-wrap{gap:30px 30px;}.kt-post-loop40_a17bcc-44 .kt-blocks-post-grid-item{border-top-left-radius:0px;border-top-right-radius:0px;border-bottom-right-radius:0px;border-bottom-left-radius:0px;overflow:hidden;}.kt-post-loop40_a17bcc-44 .kt-blocks-post-grid-item .kt-blocks-post-grid-item-inner{padding-top:0px;padding-right:30px;padding-bottom:0px;padding-left:30px;}.kt-post-loop40_a17bcc-44 .kt-blocks-post-grid-item header{padding-top:0px;padding-right:15px;padding-bottom:10px;padding-left:15px;margin-top:-30px;margin-right:0px;margin-bottom:0px;margin-left:0px;background-color:#ffffff;}.kt-post-loop40_a17bcc-44 .kt-blocks-post-grid-item .entry-title{padding-top:10px;padding-right:0px;padding-bottom:5px;padding-left:0px;margin-top:0px;margin-right:0px;margin-bottom:0px;margin-left:0px;font-size:28px;line-height:40px;}.kt-post-loop40_a17bcc-44 .entry-content{padding-top:0px;padding-right:15px;padding-bottom:0px;padding-left:15px;margin-top:0px;margin-right:0px;margin-bottom:0px;margin-left:0px;}.kt-post-loop40_a17bcc-44 .kt-blocks-post-footer{border-top-width:0px;border-right-width:0px;border-bottom-width:0px;border-left-width:0px;padding-top:0px;padding-right:15px;padding-bottom:5px;padding-left:15px;margin-top:0px;margin-right:0px;margin-bottom:0px;margin-left:0px;}.kt-post-loop40_a17bcc-44 .entry-content:after{height:0px;}.kt-post-loop40_a17bcc-44 .entry-content .kt-blocks-post-readmore{background-color:#ffffff;border-color:#333333;color:#333333;border-width:1px;padding-top:5px;padding-right:16px;padding-bottom:5px;padding-left:16px;margin-top:0px;margin-right:0px;margin-bottom:0px;margin-left:0px;}.kt-post-loop40_a17bcc-44 .entry-content .kt-blocks-post-readmore:hover{color:#ffffff;border-color:#333333;background-color:#333333;}.kt-post-loop40_a17bcc-44 .kb-filter-item{border-top-width:0px;border-right-width:0px;border-bottom-width:2px;border-left-width:0px;padding-top:5px;padding-right:8px;padding-bottom:5px;padding-left:8px;margin-top:0px;margin-right:10px;margin-bottom:0px;margin-left:0px;}<\/style><div class=\"wp-block-kadence-postgrid kt-blocks-post-loop-block alignnone kt-post-loop40_a17bcc-44 kt-post-grid-layout-grid\"><div class=\"kt-post-grid-layout-grid-wrap kt-post-grid-wrap\" data-columns-xxl=\"3\" data-columns-xl=\"3\" data-columns-md=\"3\" data-columns-sm=\"2\" data-columns-xs=\"1\" data-columns-ss=\"1\"data-item-selector=\".kt-post-masonry-item\" aria-label=\"Post Carousel\"><article class=\"kt-blocks-post-grid-item post-171 post type-post status-publish format-standard has-post-thumbnail hentry category-procedimientos\"><div class=\"kt-blocks-post-grid-item-inner-wrap kt-feat-image-align-top kt-feat-image-mobile-align-top\"><div class=\"kadence-post-image\"><div class=\"kadence-post-image-intrisic kt-image-ratio-66-67\" style=\"padding-bottom:66.67%;\"><div class=\"kadence-post-image-inner-intrisic\"><a aria-hidden=\"true\" tabindex=\"-1\" role=\"presentation\" href=\"https:\/\/dariojuris.com\/en\/el-dr-dario-juris-habla-sobre-la-tecnica-high-definition-para-la-marcacion-abdominal\/\" aria-label=\"Dr Darius Juris talks about the technical high definition for the dial-abdominal\" class=\"kadence-post-image-inner-wrap\"><img loading=\"lazy\" decoding=\"async\" width=\"372\" height=\"270\" src=\"https:\/\/dariojuris.com\/wp-content\/uploads\/2025\/06\/image-2-68539ffd1b51b.webp\" class=\"attachment-large size-large wp-post-image\" alt=\"\" srcset=\"https:\/\/dariojuris.com\/wp-content\/uploads\/2025\/06\/image-2-68539ffd1b51b.webp 372w, https:\/\/dariojuris.com\/wp-content\/uploads\/2025\/06\/image-2-68539ffd1b51b-300x218.webp 300w\" sizes=\"auto, (max-width: 372px) 100vw, 372px\" \/><\/a><\/div><\/div><\/div><div class=\"kt-blocks-post-grid-item-inner\"><header><h2 class=\"entry-title\"><a href=\"https:\/\/dariojuris.com\/en\/el-dr-dario-juris-habla-sobre-la-tecnica-high-definition-para-la-marcacion-abdominal\/\">Dr Darius Juris talks about the technical high definition for the dial-abdominal<\/a><\/h2><div class=\"kt-blocks-post-top-meta\"><\/div><\/header><div class=\"entry-content\"><p>For The Time Television, Dr. Dario Juris, was talking on the dial of the abdomen, a procedure that is performed on men and women to better define the abdomen, is carried out by means of a thigh high definition, the time of duration of the surgery is of two hours, to maintain the effect should be...<\/p>\n<div class=\"kt-blocks-post-readmore-wrap\"><a class=\"kt-blocks-post-readmore\" href=\"https:\/\/dariojuris.com\/en\/el-dr-dario-juris-habla-sobre-la-tecnica-high-definition-para-la-marcacion-abdominal\/\">Leer M\u00e1s<span class=\"screen-reader-text\"> Dr Darius Juris talks about the technical high definition for the dial-abdominal<\/span><\/a><\/div><\/div><footer class=\"kt-blocks-post-footer\"><div class=\"kt-blocks-post-footer-left\"><\/div><div class=\"kt-blocks-post-footer-right\"><\/div><\/footer><\/div><\/div><\/article><article class=\"kt-blocks-post-grid-item post-168 post type-post status-publish format-standard has-post-thumbnail hentry category-procedimientos\"><div class=\"kt-blocks-post-grid-item-inner-wrap kt-feat-image-align-top kt-feat-image-mobile-align-top\"><div class=\"kadence-post-image\"><div class=\"kadence-post-image-intrisic kt-image-ratio-66-67\" style=\"padding-bottom:66.67%;\"><div class=\"kadence-post-image-inner-intrisic\"><a aria-hidden=\"true\" tabindex=\"-1\" role=\"presentation\" href=\"https:\/\/dariojuris.com\/en\/cirugia-plastica-segura-piensa-en-tu-cuerpo-en-tu-salud-antes-de-tomar-la-decision\/\" aria-label=\"Plastic surgery Safe | Think of your body, in your health before you make the decision\" class=\"kadence-post-image-inner-wrap\"><img loading=\"lazy\" decoding=\"async\" width=\"371\" height=\"268\" src=\"https:\/\/dariojuris.com\/wp-content\/uploads\/2025\/06\/image-1-68539f6fa0db1.webp\" class=\"attachment-large size-large wp-post-image\" alt=\"\" srcset=\"https:\/\/dariojuris.com\/wp-content\/uploads\/2025\/06\/image-1-68539f6fa0db1.webp 371w, https:\/\/dariojuris.com\/wp-content\/uploads\/2025\/06\/image-1-68539f6fa0db1-300x217.webp 300w\" sizes=\"auto, (max-width: 371px) 100vw, 371px\" \/><\/a><\/div><\/div><\/div><div class=\"kt-blocks-post-grid-item-inner\"><header><h2 class=\"entry-title\"><a href=\"https:\/\/dariojuris.com\/en\/cirugia-plastica-segura-piensa-en-tu-cuerpo-en-tu-salud-antes-de-tomar-la-decision\/\">Plastic surgery Safe | Think of your body, in your health before you make the decision<\/a><\/h2><div class=\"kt-blocks-post-top-meta\"><\/div><\/header><div class=\"entry-content\">Before you start introducing them to the guidance presented to us by the Colombian Society of Plastic Surgery and the Secretary of Health of Medellin to the prevention of risks in aesthetic plastic surgery, we must understand what is plastic surgery. It is a specialization of surgical aimed at the reconstruction of injured tissues or to the correction of organs...<div class=\"kt-blocks-post-readmore-wrap\"><a class=\"kt-blocks-post-readmore\" href=\"https:\/\/dariojuris.com\/en\/cirugia-plastica-segura-piensa-en-tu-cuerpo-en-tu-salud-antes-de-tomar-la-decision\/\">Leer M\u00e1s<span class=\"screen-reader-text\"> Plastic surgery Safe | Think of your body, in your health before you make the decision<\/span><\/a><\/div><\/div><footer class=\"kt-blocks-post-footer\"><div class=\"kt-blocks-post-footer-left\"><\/div><div class=\"kt-blocks-post-footer-right\"><\/div><\/footer><\/div><\/div><\/article><article class=\"kt-blocks-post-grid-item post-165 post type-post status-publish format-standard has-post-thumbnail hentry category-procedimientos\"><div class=\"kt-blocks-post-grid-item-inner-wrap kt-feat-image-align-top kt-feat-image-mobile-align-top\"><div class=\"kadence-post-image\"><div class=\"kadence-post-image-intrisic kt-image-ratio-66-67\" style=\"padding-bottom:66.67%;\"><div class=\"kadence-post-image-inner-intrisic\"><a aria-hidden=\"true\" tabindex=\"-1\" role=\"presentation\" href=\"https:\/\/dariojuris.com\/en\/el-dr-dario-juris-hablando-sobre-la-adiccion-de-las-cirugias-plasticas\/\" aria-label=\"Dr. Dario Juris talking about the addiction of the plastic surgery\" class=\"kadence-post-image-inner-wrap\"><img loading=\"lazy\" decoding=\"async\" width=\"372\" height=\"270\" src=\"https:\/\/dariojuris.com\/wp-content\/uploads\/2025\/06\/image-68539f24aa39d.webp\" class=\"attachment-large size-large wp-post-image\" alt=\"\" srcset=\"https:\/\/dariojuris.com\/wp-content\/uploads\/2025\/06\/image-68539f24aa39d.webp 372w, https:\/\/dariojuris.com\/wp-content\/uploads\/2025\/06\/image-68539f24aa39d-300x218.webp 300w\" sizes=\"auto, (max-width: 372px) 100vw, 372px\" \/><\/a><\/div><\/div><\/div><div class=\"kt-blocks-post-grid-item-inner\"><header><h2 class=\"entry-title\"><a href=\"https:\/\/dariojuris.com\/en\/el-dr-dario-juris-hablando-sobre-la-adiccion-de-las-cirugias-plasticas\/\">Dr. Dario Juris talking about the addiction of the plastic surgery<\/a><\/h2><div class=\"kt-blocks-post-top-meta\"><\/div><\/header><div class=\"entry-content\">The vanity and the obsession with beauty, has led thousands of people to be addicted to plastic surgeries leaving as the results deformities in the face and the body. We know of many cases that come from the famous characters of the country and which are really impactful results that make us think, why do...<div class=\"kt-blocks-post-readmore-wrap\"><a class=\"kt-blocks-post-readmore\" href=\"https:\/\/dariojuris.com\/en\/el-dr-dario-juris-hablando-sobre-la-adiccion-de-las-cirugias-plasticas\/\">Leer M\u00e1s<span class=\"screen-reader-text\"> Dr. Dario Juris talking about the addiction of the plastic surgery<\/span><\/a><\/div><\/div><footer class=\"kt-blocks-post-footer\"><div class=\"kt-blocks-post-footer-left\"><\/div><div class=\"kt-blocks-post-footer-right\"><\/div><\/footer><\/div><\/div><\/article><\/div><\/div><!-- .wp-block-kadence-postgrid --><\/div>\n<\/div>","protected":false},"excerpt":{"rendered":"","protected":false},"author":3,"featured_media":0,"parent":0,"menu_order":0,"comment_status":"closed","ping_status":"closed","template":"","meta":{"_kad_blocks_custom_css":"","_kad_blocks_head_custom_js":"","_kad_blocks_body_custom_js":"","_kad_blocks_footer_custom_js":"","_kad_post_transparent":"disable","_kad_post_title":"hide","_kad_post_layout":"","_kad_post_sidebar_id":"","_kad_post_content_style":"","_kad_post_vertical_padding":"","_kad_post_feature":"","_kad_post_feature_position":"","_kad_post_header":false,"_kad_post_footer":false,"_kad_post_classname":"","_vp_format_video_url":"","_vp_image_focal_point":[],"_joinchat":[],"footnotes":""},"class_list":["post-40","page","type-page","status-publish","hentry"],"yoast_head":"<!-- This site is optimized with the Yoast SEO plugin v27.4 - https:\/\/yoast.com\/product\/yoast-seo-wordpress\/ -->\n<title>Blog - DR. Dario Juris<\/title>\n<meta name=\"robots\" content=\"index, follow, max-snippet:-1, max-image-preview:large, max-video-preview:-1\" \/>\n<link rel=\"canonical\" href=\"https:\/\/dariojuris.com\/en\/blog\/\" \/>\n<meta property=\"og:locale\" content=\"en_US\" \/>\n<meta property=\"og:type\" content=\"article\" \/>\n<meta property=\"og:title\" content=\"Blog - DR. Dario Juris\" \/>\n<meta property=\"og:url\" content=\"https:\/\/dariojuris.com\/en\/blog\/\" \/>\n<meta property=\"og:site_name\" content=\"DR. Dario Juris\" \/>\n<meta property=\"article:modified_time\" content=\"2026-04-10T14:55:40+00:00\" \/>\n<meta name=\"twitter:card\" content=\"summary_large_image\" \/>\n<script type=\"application\/ld+json\" class=\"yoast-schema-graph\">{\"@context\":\"https:\\\/\\\/schema.org\",\"@graph\":[{\"@type\":\"WebPage\",\"@id\":\"https:\\\/\\\/dariojuris.com\\\/blog\\\/\",\"url\":\"https:\\\/\\\/dariojuris.com\\\/blog\\\/\",\"name\":\"Blog - DR. Dario Juris\",\"isPartOf\":{\"@id\":\"https:\\\/\\\/dariojuris.com\\\/#website\"},\"datePublished\":\"2025-06-18T14:30:56+00:00\",\"dateModified\":\"2026-04-10T14:55:40+00:00\",\"breadcrumb\":{\"@id\":\"https:\\\/\\\/dariojuris.com\\\/blog\\\/#breadcrumb\"},\"inLanguage\":\"en-US\",\"potentialAction\":[{\"@type\":\"ReadAction\",\"target\":[\"https:\\\/\\\/dariojuris.com\\\/blog\\\/\"]}]},{\"@type\":\"BreadcrumbList\",\"@id\":\"https:\\\/\\\/dariojuris.com\\\/blog\\\/#breadcrumb\",\"itemListElement\":[{\"@type\":\"ListItem\",\"position\":1,\"name\":\"Inicio\",\"item\":\"https:\\\/\\\/dariojuris.com\\\/\"},{\"@type\":\"ListItem\",\"position\":2,\"name\":\"Blog\"}]},{\"@type\":\"WebSite\",\"@id\":\"https:\\\/\\\/dariojuris.com\\\/#website\",\"url\":\"https:\\\/\\\/dariojuris.com\\\/\",\"name\":\"DR. Dario Juris\",\"description\":\"Dr. Dar\u00edo Juris \u2013 Cirujano pl\u00e1stico en Bogot\u00e1 con m\u00e1s de 14 a\u00f1os de experiencia y m\u00e1s de 4.000 intervenciones, especializado en procedimientos faciales y corporales como rinoplastia, aumento de senos, liposucci\u00f3n y abdominoplastia. Miembro de la SCCP, ISAPS y FILAP, ofrece seguridad y excelencia quir\u00fargica en cl\u00ednicas reconocidas de Bogot\u00e1.\",\"publisher\":{\"@id\":\"https:\\\/\\\/dariojuris.com\\\/#organization\"},\"potentialAction\":[{\"@type\":\"SearchAction\",\"target\":{\"@type\":\"EntryPoint\",\"urlTemplate\":\"https:\\\/\\\/dariojuris.com\\\/?s={search_term_string}\"},\"query-input\":{\"@type\":\"PropertyValueSpecification\",\"valueRequired\":true,\"valueName\":\"search_term_string\"}}],\"inLanguage\":\"en-US\"},{\"@type\":\"Organization\",\"@id\":\"https:\\\/\\\/dariojuris.com\\\/#organization\",\"name\":\"DR. Dario Juris\",\"url\":\"https:\\\/\\\/dariojuris.com\\\/\",\"logo\":{\"@type\":\"ImageObject\",\"inLanguage\":\"en-US\",\"@id\":\"https:\\\/\\\/dariojuris.com\\\/#\\\/schema\\\/logo\\\/image\\\/\",\"url\":\"https:\\\/\\\/dariojuris.com\\\/wp-content\\\/uploads\\\/2025\\\/06\\\/image-6852c92cc59ea.webp\",\"contentUrl\":\"https:\\\/\\\/dariojuris.com\\\/wp-content\\\/uploads\\\/2025\\\/06\\\/image-6852c92cc59ea.webp\",\"width\":85,\"height\":88,\"caption\":\"DR. Dario Juris\"},\"image\":{\"@id\":\"https:\\\/\\\/dariojuris.com\\\/#\\\/schema\\\/logo\\\/image\\\/\"}}]}<\/script>\n<!-- \/ Yoast SEO plugin. -->","yoast_head_json":{"title":"Blog - DR. Dario Juris","robots":{"index":"index","follow":"follow","max-snippet":"max-snippet:-1","max-image-preview":"max-image-preview:large","max-video-preview":"max-video-preview:-1"},"canonical":"https:\/\/dariojuris.com\/en\/blog\/","og_locale":"en_US","og_type":"article","og_title":"Blog - DR. Dario Juris","og_url":"https:\/\/dariojuris.com\/en\/blog\/","og_site_name":"DR. Dario Juris","article_modified_time":"2026-04-10T14:55:40+00:00","twitter_card":"summary_large_image","schema":{"@context":"https:\/\/schema.org","@graph":[{"@type":"WebPage","@id":"https:\/\/dariojuris.com\/blog\/","url":"https:\/\/dariojuris.com\/blog\/","name":"Blog - DR. Dario Juris","isPartOf":{"@id":"https:\/\/dariojuris.com\/#website"},"datePublished":"2025-06-18T14:30:56+00:00","dateModified":"2026-04-10T14:55:40+00:00","breadcrumb":{"@id":"https:\/\/dariojuris.com\/blog\/#breadcrumb"},"inLanguage":"en-US","potentialAction":[{"@type":"ReadAction","target":["https:\/\/dariojuris.com\/blog\/"]}]},{"@type":"BreadcrumbList","@id":"https:\/\/dariojuris.com\/blog\/#breadcrumb","itemListElement":[{"@type":"ListItem","position":1,"name":"Inicio","item":"https:\/\/dariojuris.com\/"},{"@type":"ListItem","position":2,"name":"Blog"}]},{"@type":"WebSite","@id":"https:\/\/dariojuris.com\/#website","url":"https:\/\/dariojuris.com\/","name":"DR. Dario Juris","description":"Dr. Dar\u00edo Juris \u2013 Cirujano pl\u00e1stico en Bogot\u00e1 con m\u00e1s de 14 a\u00f1os de experiencia y m\u00e1s de 4.000 intervenciones, especializado en procedimientos faciales y corporales como rinoplastia, aumento de senos, liposucci\u00f3n y abdominoplastia. Miembro de la SCCP, ISAPS y FILAP, ofrece seguridad y excelencia quir\u00fargica en cl\u00ednicas reconocidas de Bogot\u00e1.","publisher":{"@id":"https:\/\/dariojuris.com\/#organization"},"potentialAction":[{"@type":"SearchAction","target":{"@type":"EntryPoint","urlTemplate":"https:\/\/dariojuris.com\/?s={search_term_string}"},"query-input":{"@type":"PropertyValueSpecification","valueRequired":true,"valueName":"search_term_string"}}],"inLanguage":"en-US"},{"@type":"Organization","@id":"https:\/\/dariojuris.com\/#organization","name":"DR. Dario Juris","url":"https:\/\/dariojuris.com\/","logo":{"@type":"ImageObject","inLanguage":"en-US","@id":"https:\/\/dariojuris.com\/#\/schema\/logo\/image\/","url":"https:\/\/dariojuris.com\/wp-content\/uploads\/2025\/06\/image-6852c92cc59ea.webp","contentUrl":"https:\/\/dariojuris.com\/wp-content\/uploads\/2025\/06\/image-6852c92cc59ea.webp","width":85,"height":88,"caption":"DR. Dario Juris"},"image":{"@id":"https:\/\/dariojuris.com\/#\/schema\/logo\/image\/"}}]}},"taxonomy_info":[],"featured_image_src_large":false,"author_info":{"display_name":"design_santiago","author_link":"https:\/\/dariojuris.com\/en\/author\/design_santiago\/"},"comment_info":0,"_links":{"self":[{"href":"https:\/\/dariojuris.com\/en\/wp-json\/wp\/v2\/pages\/40","targetHints":{"allow":["GET"]}}],"collection":[{"href":"https:\/\/dariojuris.com\/en\/wp-json\/wp\/v2\/pages"}],"about":[{"href":"https:\/\/dariojuris.com\/en\/wp-json\/wp\/v2\/types\/page"}],"author":[{"embeddable":true,"href":"https:\/\/dariojuris.com\/en\/wp-json\/wp\/v2\/users\/3"}],"replies":[{"embeddable":true,"href":"https:\/\/dariojuris.com\/en\/wp-json\/wp\/v2\/comments?post=40"}],"version-history":[{"count":9,"href":"https:\/\/dariojuris.com\/en\/wp-json\/wp\/v2\/pages\/40\/revisions"}],"predecessor-version":[{"id":1157,"href":"https:\/\/dariojuris.com\/en\/wp-json\/wp\/v2\/pages\/40\/revisions\/1157"}],"wp:attachment":[{"href":"https:\/\/dariojuris.com\/en\/wp-json\/wp\/v2\/media?parent=40"}],"curies":[{"name":"wp","href":"https:\/\/api.w.org\/{rel}","templated":true}]}}